{"id":21,"date":"2021-10-28T11:34:03","date_gmt":"2021-10-28T09:34:03","guid":{"rendered":"https:\/\/dezynsekcja-koszalin.pl\/?page_id=21"},"modified":"2021-11-15T10:47:48","modified_gmt":"2021-11-15T09:47:48","slug":"strona-glowna","status":"publish","type":"page","link":"https:\/\/dezynsekcja-koszalin.pl\/","title":{"rendered":"Strona g\u0142\u00f3wna"},"content":{"rendered":"\n<section class=\"wp-block-uagb-section uagb-section__wrap uagb-section__background-none alignfull uagb-block-29b5f17b\"><div class=\"uagb-section__overlay\"><\/div><div class=\"uagb-section__inner-wrap\">\n<div class=\"wp-block-nextend-smartslider3\"><\/div>\n<\/div><\/section>\n\n\n\n<section class=\"wp-block-uagb-section uagb-section__wrap uagb-section__background-color alignwide uagb-block-38dcd9fa\" id=\"O-firmie\"><div class=\"uagb-section__overlay\"><\/div><div class=\"uagb-section__inner-wrap\">\n<div class=\"wp-block-uagb-advanced-heading uagb-block-4e855d26\"><h2 class=\"uagb-heading-text\">O firmie<\/h2><p class=\"uagb-desc-text\"><span class=\"has-inline-color has-white-color\"><br><br>Zak\u0142ad Dezynfekcji, Dezynsekcji i Deratyzacji Ryszard Micha\u0142kowski oferuje profesjonalne us\u0142ugi zwalczania gryzoni i insekt\u00f3w w obiektach przemys\u0142owych , handlowych, budynkach u\u017cyteczno\u015bci publicznej zgodnie z systemem HACCP i GHP\/GMP. Zapraszamy do wsp\u00f3\u0142pracy sp\u00f3\u0142dzielnie mieszkaniowe, zarz\u0105dc\u00f3w nieruchomo\u015bci, wsp\u00f3lnoty mieszkaniowe, kt\u00f3rym jeste\u015bmy w stanie zaoferowa\u0107 rozwi\u0105zania dostosowane do indywidualnych potrzeb przy zachowaniu elastycznych rozwi\u0105za\u0144 cenowych.<br>Firma istnieje nieprzerwanie od 1990 roku.<br>Na wykonane us\u0142ugi dajemy gwarancj\u0119.<\/span><br><br><\/p><\/div>\n\n\n\n<div class=\"wp-block-image wp-duotone-000000-7f7f7f-1\"><figure class=\"aligncenter size-large\"><img loading=\"lazy\" decoding=\"async\" width=\"1024\" height=\"106\" src=\"https:\/\/dezynsekcja-koszalin.pl\/wp-content\/uploads\/2021\/10\/zakazy_linijka-1024x106.png\" alt=\"us\u0142ugi jakie wykonujemy\" class=\"wp-image-34\" srcset=\"https:\/\/dezynsekcja-koszalin.pl\/wp-content\/uploads\/2021\/10\/zakazy_linijka-1024x106.png 1024w, https:\/\/dezynsekcja-koszalin.pl\/wp-content\/uploads\/2021\/10\/zakazy_linijka-300x31.png 300w, https:\/\/dezynsekcja-koszalin.pl\/wp-content\/uploads\/2021\/10\/zakazy_linijka-768x79.png 768w, https:\/\/dezynsekcja-koszalin.pl\/wp-content\/uploads\/2021\/10\/zakazy_linijka.png 1280w\" sizes=\"auto, (max-width: 1024px) 100vw, 1024px\" \/><\/figure><\/div>\n<\/div><\/section>\n\n\n\n<section class=\"wp-block-uagb-section uagb-section__wrap uagb-section__background-color alignwide uagb-block-c63b64c6\" id=\"Uslugi\"><div class=\"uagb-section__overlay\"><\/div><div class=\"uagb-section__inner-wrap\">\n<div class=\"wp-block-uagb-advanced-heading uagb-block-99a27756\"><h2 class=\"uagb-heading-text\">Us\u0142ugi<\/h2><p class=\"uagb-desc-text\"><br><br><\/p><\/div>\n\n\n\n<section class=\"wp-block-uagb-columns uagb-columns__wrap uagb-columns__background-undefined uagb-columns__stack-mobile uagb-columns__valign-top uagb-columns__gap-10 alignundefined uagb-block-81204dd8\"><div class=\"uagb-columns__overlay\"><\/div><div class=\"uagb-columns__inner-wrap uagb-columns__columns-4\">\n<div class=\"wp-block-uagb-column uagb-column__wrap uagb-column__background-undefined uagb-block-29511608\"><div class=\"uagb-column__overlay\"><\/div><div class=\"uagb-column__inner-wrap\">\n<div class=\"wp-block-uagb-info-box uagb-infobox__outer-wrap uagb-block-718c18e0\"><div class=\"uagb-infobox__content-wrap uagb-infobox uagb-infobox-has-icon uagb-infobox-icon-above-title uagb-infobox-image-valign-top uagb-infobox-enable-border-radius \"><div class=\"uagb-ifb-left-right-wrap\"><div class=\"uagb-ifb-content\"><div class=\"uagb-ifb-image-icon-content uagb-ifb-imgicon-wrap\"><div class=\"uagb-ifb-icon-wrap\"><span class=\"uagb-ifb-icon\"><svg xmlns=\"http:\/\/www.w3.org\/2000\/svg\" viewbox=\"0 0 576 512\"><path d=\"M280.37 148.26L96 300.11V464a16 16 0 0 0 16 16l112.06-.29a16 16 0 0 0 15.92-16V368a16 16 0 0 1 16-16h64a16 16 0 0 1 16 16v95.64a16 16 0 0 0 16 16.05L464 480a16 16 0 0 0 16-16V300L295.67 148.26a12.19 12.19 0 0 0-15.3 0zM571.6 251.47L488 182.56V44.05a12 12 0 0 0-12-12h-56a12 12 0 0 0-12 12v72.61L318.47 43a48 48 0 0 0-61 0L4.34 251.47a12 12 0 0 0-1.6 16.9l25.5 31A12 12 0 0 0 45.15 301l235.22-193.74a12.19 12.19 0 0 1 15.3 0L530.9 301a12 12 0 0 0 16.9-1.6l25.5-31a12 12 0 0 0-1.7-16.93z\"><\/path><\/svg><\/span><\/div><\/div><div class=\"uagb-ifb-title-wrap\"><span class=\"uagb-ifb-title-prefix\"><br><\/span><h3 class=\"uagb-ifb-title\">DERATYZACJA<\/h3><\/div><div class=\"uagb-ifb-text-wrap\"><p class=\"uagb-ifb-desc\">Us\u0142uga polegaj\u0105ca na zwalczaniu gryzoni w pomieszczeniach mieszkalnych, piwnicach, budynkach gospodarczych i handlowych lub na terenie zewn\u0119trznym. Z regu\u0142y polega na zwalczaniu szczur\u00f3w i myszy za pomoc\u0105 stacji deratyzacyjnych, karmnik\u00f3w, \u015brodk\u00f3w chemicznych.<\/p><\/div><\/div><\/div><\/div><\/div>\n<\/div><\/div>\n\n\n\n<div class=\"wp-block-uagb-column uagb-column__wrap uagb-column__background-undefined uagb-block-dc0eda25\"><div class=\"uagb-column__overlay\"><\/div><div class=\"uagb-column__inner-wrap\">\n<div class=\"wp-block-uagb-info-box uagb-infobox__outer-wrap uagb-block-3a31fc6c\"><div class=\"uagb-infobox__content-wrap uagb-infobox uagb-infobox-has-icon uagb-infobox-icon-above-title uagb-infobox-image-valign-top uagb-infobox-enable-border-radius \"><div class=\"uagb-ifb-left-right-wrap\"><div class=\"uagb-ifb-content\"><div class=\"uagb-ifb-image-icon-content uagb-ifb-imgicon-wrap\"><div class=\"uagb-ifb-icon-wrap\"><span class=\"uagb-ifb-icon\"><svg xmlns=\"http:\/\/www.w3.org\/2000\/svg\" viewbox=\"0 0 576 512\"><path d=\"M287.9 112c18.6 0 36.2 3.8 52.8 9.6 13.3-10.3 23.6-24.3 29.5-40.7-25.2-10.9-53-17-82.2-17-29.1 0-56.9 6-82.1 16.9 5.9 16.4 16.2 30.4 29.5 40.7 16.5-5.7 34-9.5 52.5-9.5zM163.6 438.7c12-11.8 20.4-26.4 24.5-42.4-32.9-26.4-54.8-65.3-58.9-109.6-8.5-2.8-17.2-4.6-26.4-4.6-7.6 0-15.2 1-22.5 3.1 4.1 62.8 35.8 118 83.3 153.5zm224.2-42.6c4.1 16 12.5 30.7 24.5 42.5 47.4-35.5 79.1-90.7 83-153.5-7.2-2-14.7-3-22.2-3-9.2 0-18 1.9-26.6 4.7-4.1 44.2-26 82.9-58.7 109.3zm113.5-205c-17.6-10.4-36.3-16.6-55.3-19.9 6-17.7 10-36.4 10-56.2 0-41-14.5-80.8-41-112.2-2.5-3-6.6-3.7-10-1.8-3.3 1.9-4.8 6-3.6 9.7 4.5 13.8 6.6 26.3 6.6 38.5 0 67.8-53.8 122.9-120 122.9S168 117 168 49.2c0-12.1 2.2-24.7 6.6-38.5 1.2-3.7-.3-7.8-3.6-9.7-3.4-1.9-7.5-1.2-10 1.8C134.6 34.2 120 74 120 115c0 19.8 3.9 38.5 10 56.2-18.9 3.3-37.7 9.5-55.3 19.9-34.6 20.5-61 53.3-74.3 92.4-1.3 3.7.2 7.7 3.5 9.8 3.3 2 7.5 1.3 10-1.6 9.4-10.8 19-19.1 29.2-25.1 57.3-33.9 130.8-13.7 163.9 45 33.1 58.7 13.4 134-43.9 167.9-10.2 6.1-22 10.4-35.8 13.4-3.7.8-6.4 4.2-6.4 8.1.1 4 2.7 7.3 6.5 8 39.7 7.8 80.6.8 115.2-19.7 18-10.6 32.9-24.5 45.3-40.1 12.4 15.6 27.3 29.5 45.3 40.1 34.6 20.5 75.5 27.5 115.2 19.7 3.8-.7 6.4-4 6.5-8 0-3.9-2.6-7.3-6.4-8.1-13.9-2.9-25.6-7.3-35.8-13.4-57.3-33.9-77-109.2-43.9-167.9s106.6-78.9 163.9-45c10.2 6.1 19.8 14.3 29.2 25.1 2.5 2.9 6.7 3.6 10 1.6s4.8-6.1 3.5-9.8c-13.1-39.1-39.5-72-74.1-92.4zm-213.4 129c-26.5 0-48-21.5-48-48s21.5-48 48-48 48 21.5 48 48-21.5 48-48 48z\"><\/path><\/svg><\/span><\/div><\/div><div class=\"uagb-ifb-title-wrap\"><span class=\"uagb-ifb-title-prefix\"><br><\/span><h3 class=\"uagb-ifb-title\">DEZYNFEKCJA<\/h3><\/div><div class=\"uagb-ifb-text-wrap\"><p class=\"uagb-ifb-desc\">Wykonujemy profesjonalne zabiegi odka\u017caj\u0105ce, \u015bwiadcz\u0105c us\u0142ugi z&nbsp;zakresu dezynfekcji pomieszcze\u0144 szpitalnych, gastronomicznych, a&nbsp;tak\u017ce hal i&nbsp;budynk\u00f3w.<\/p><\/div><\/div><\/div><\/div><\/div>\n<\/div><\/div>\n\n\n\n<div class=\"wp-block-uagb-column uagb-column__wrap uagb-column__background-undefined uagb-block-a7abc269\"><div class=\"uagb-column__overlay\"><\/div><div class=\"uagb-column__inner-wrap\">\n<div class=\"wp-block-uagb-info-box uagb-infobox__outer-wrap uagb-block-d83e7718\"><div class=\"uagb-infobox__content-wrap uagb-infobox uagb-infobox-has-icon uagb-infobox-icon-above-title uagb-infobox-image-valign-top uagb-infobox-enable-border-radius \"><div class=\"uagb-ifb-left-right-wrap\"><div class=\"uagb-ifb-content\"><div class=\"uagb-ifb-image-icon-content uagb-ifb-imgicon-wrap\"><div class=\"uagb-ifb-icon-wrap\"><span class=\"uagb-ifb-icon\"><svg xmlns=\"http:\/\/www.w3.org\/2000\/svg\" viewbox=\"0 0 512 512\"><path d=\"M511.988 288.9c-.478 17.43-15.217 31.1-32.653 31.1H424v16c0 21.864-4.882 42.584-13.6 61.145l60.228 60.228c12.496 12.497 12.496 32.758 0 45.255-12.498 12.497-32.759 12.496-45.256 0l-54.736-54.736C345.886 467.965 314.351 480 280 480V236c0-6.627-5.373-12-12-12h-24c-6.627 0-12 5.373-12 12v244c-34.351 0-65.886-12.035-90.636-32.108l-54.736 54.736c-12.498 12.497-32.759 12.496-45.256 0-12.496-12.497-12.496-32.758 0-45.255l60.228-60.228C92.882 378.584 88 357.864 88 336v-16H32.666C15.23 320 .491 306.33.013 288.9-.484 270.816 14.028 256 32 256h56v-58.745l-46.628-46.628c-12.496-12.497-12.496-32.758 0-45.255 12.498-12.497 32.758-12.497 45.256 0L141.255 160h229.489l54.627-54.627c12.498-12.497 32.758-12.497 45.256 0 12.496 12.497 12.496 32.758 0 45.255L424 197.255V256h56c17.972 0 32.484 14.816 31.988 32.9zM257 0c-61.856 0-112 50.144-112 112h224C369 50.144 318.856 0 257 0z\"><\/path><\/svg><\/span><\/div><\/div><div class=\"uagb-ifb-title-wrap\"><span class=\"uagb-ifb-title-prefix\"><br><\/span><h3 class=\"uagb-ifb-title\">DEZYNSEKCJA<\/h3><\/div><div class=\"uagb-ifb-text-wrap\"><p class=\"uagb-ifb-desc\">Proces polegaj\u0105cy na zwalczaniu owad\u00f3w takich jak pluskwy,prusaki (karaluchy) , rybiki, mr\u00f3wki, muchy czy paj\u0105ki. Przeprowadzany przy u\u017cyciu \u015brodk\u00f3w bezpiecznych dla ludzi i zwierz\u0105t posiadaj\u0105cych aktualne atesty i dopuszczenia do u\u017cycia.<\/p><\/div><\/div><\/div><\/div><\/div>\n<\/div><\/div>\n\n\n\n<div class=\"wp-block-uagb-column uagb-column__wrap uagb-column__background-undefined uagb-block-bf636615\"><div class=\"uagb-column__overlay\"><\/div><div class=\"uagb-column__inner-wrap\">\n<div class=\"wp-block-uagb-info-box uagb-infobox__outer-wrap uagb-block-729178cc\"><div class=\"uagb-infobox__content-wrap uagb-infobox uagb-infobox-has-icon uagb-infobox-icon-above-title uagb-infobox-image-valign-top uagb-infobox-enable-border-radius \"><div class=\"uagb-ifb-left-right-wrap\"><div class=\"uagb-ifb-content\"><div class=\"uagb-ifb-image-icon-content uagb-ifb-imgicon-wrap\"><div class=\"uagb-ifb-icon-wrap\"><span class=\"uagb-ifb-icon\"><svg xmlns=\"http:\/\/www.w3.org\/2000\/svg\" viewbox=\"0 0 512 512\"><path d=\"M466.5 83.7l-192-80a48.15 48.15 0 0 0-36.9 0l-192 80C27.7 91.1 16 108.6 16 128c0 198.5 114.5 335.7 221.5 380.3 11.8 4.9 25.1 4.9 36.9 0C360.1 472.6 496 349.3 496 128c0-19.4-11.7-36.9-29.5-44.3zM256.1 446.3l-.1-381 175.9 73.3c-3.3 151.4-82.1 261.1-175.8 307.7z\"><\/path><\/svg><\/span><\/div><\/div><div class=\"uagb-ifb-title-wrap\"><span class=\"uagb-ifb-title-prefix\"><br><\/span><h3 class=\"uagb-ifb-title\">MONITORING HACCP<\/h3><\/div><div class=\"uagb-ifb-text-wrap\"><p class=\"uagb-ifb-desc\">Oferujemy wdro\u017cenie i monitorowanie szczuro i insektoszczelno\u015bci w oparciu o przygotowane za\u0142o\u017cenia programowe zgodne z aktualnym systemem HACCP. a tak\u017ce dostosowanymi do indywidualnych wymaga\u0144 zlecaj\u0105cego.<\/p><\/div><\/div><\/div><\/div><\/div>\n<\/div><\/div>\n<\/div><\/section>\n<\/div><\/section>\n\n\n\n<section class=\"wp-block-uagb-section uagb-section__wrap uagb-section__background-color alignfull uagb-block-4196924d\"><div class=\"uagb-section__overlay\"><\/div><div class=\"uagb-section__inner-wrap\">\n<div class=\"wp-block-uagb-advanced-heading uagb-block-5be7b9a6\"><h2 class=\"uagb-heading-text\">Deratyzacja, Dezynsekcja, Dezynfekcja<\/h2><p class=\"uagb-desc-text\"><br>Prowadzimy dzia\u0142alno\u015b\u0107 na terenie Koszalina i powiatu koszali\u0144skiego.<br>Dysponujemy profesjonalnym sprz\u0119tem do prac DDD.<br>Preparaty i urz\u0105dzenia, kt\u00f3rych u\u017cywamy s\u0105 bezpieczne dla ludzi i<br>skuteczne w zwalczaniu bakterii, wirus\u00f3w, szkodliwych owad\u00f3w zar\u00f3wno<br>lataj\u0105cych jak i biegaj\u0105cych, gryzoni<br><br><\/p><\/div>\n<\/div><\/section>\n\n\n\n<section class=\"wp-block-uagb-section uagb-section__wrap uagb-section__background-color alignfull uagb-block-92e03ff1\" id=\"Kontakt\"><div class=\"uagb-section__overlay\"><\/div><div class=\"uagb-section__inner-wrap\">\n<div class=\"wp-block-uagb-advanced-heading uagb-block-31a9fff1\"><h2 class=\"uagb-heading-text\">Kontakt<br><\/h2><p class=\"uagb-desc-text\"><br>Zak\u0142ad Dezynfekcji ,Dezynsekcji i Deratyzacji Ryszard Micha\u0142kowski<br><br>telefon : <a href=\"tel:603780390\">603780390<\/a><br>e-mail: <a href=\"mailto:dddkoszalin@gmail.com\">dddkoszalin@gmail.com<\/a><br><br><\/p><\/div>\n<\/div><\/section>\n","protected":false},"excerpt":{"rendered":"","protected":false},"author":1,"featured_media":0,"parent":0,"menu_order":0,"comment_status":"closed","ping_status":"closed","template":"templates\/builder-fullwidth-std.php","meta":{"footnotes":""},"class_list":["post-21","page","type-page","status-publish","hentry"],"yoast_head":"<!-- This site is optimized with the Yoast SEO plugin v17.5 - https:\/\/yoast.com\/wordpress\/plugins\/seo\/ -->\n<title>Dezynsekcja, deratyzacja, dezynfekcja - Koszalin<\/title>\n<meta name=\"description\" content=\"Skuteczne us\u0142ugi deratyzacji, dezynsekcji , odszczurzania zwalczania innych gryzoni w Koszalinie i okolicy.\" \/>\n<meta name=\"robots\" content=\"index, follow, max-snippet:-1, max-image-preview:large, max-video-preview:-1\" \/>\n<link rel=\"canonical\" href=\"https:\/\/dezynsekcja-koszalin.pl\/\" \/>\n<meta property=\"og:locale\" content=\"pl_PL\" \/>\n<meta property=\"og:type\" content=\"article\" \/>\n<meta property=\"og:title\" content=\"Dezynsekcja, deratyzacja, dezynfekcja - Koszalin\" \/>\n<meta property=\"og:description\" content=\"Skuteczne us\u0142ugi deratyzacji, dezynsekcji , odszczurzania zwalczania innych gryzoni w Koszalinie i okolicy.\" \/>\n<meta property=\"og:url\" content=\"https:\/\/dezynsekcja-koszalin.pl\/\" \/>\n<meta property=\"og:site_name\" content=\"Dezynsekcja, deratyzacja, dezynfekcja - Koszalin\" \/>\n<meta property=\"article:modified_time\" content=\"2021-11-15T09:47:48+00:00\" \/>\n<meta property=\"og:image\" content=\"https:\/\/dezynsekcja-koszalin.pl\/wp-content\/uploads\/2021\/10\/zakazy_linijka-1024x106.png\" \/>\n<meta name=\"twitter:card\" content=\"summary_large_image\" \/>\n<meta name=\"twitter:label1\" content=\"Szacowany czas czytania\" \/>\n\t<meta name=\"twitter:data1\" content=\"2 minuty\" \/>\n<script type=\"application\/ld+json\" class=\"yoast-schema-graph\">{\"@context\":\"https:\/\/schema.org\",\"@graph\":[{\"@type\":\"WebSite\",\"@id\":\"https:\/\/dezynsekcja-koszalin.pl\/#website\",\"url\":\"https:\/\/dezynsekcja-koszalin.pl\/\",\"name\":\"Dezynsekcja, deratyzacja, dezynfekcja - Koszalin\",\"description\":\" Skuteczne us\\u0142ugi deratyzacji, dezynsekcji , odszczurzania zwalczania innych gryzoni w Koszalinie i okolicy.\",\"potentialAction\":[{\"@type\":\"SearchAction\",\"target\":{\"@type\":\"EntryPoint\",\"urlTemplate\":\"https:\/\/dezynsekcja-koszalin.pl\/?s={search_term_string}\"},\"query-input\":\"required name=search_term_string\"}],\"inLanguage\":\"pl-PL\"},{\"@type\":\"ImageObject\",\"@id\":\"https:\/\/dezynsekcja-koszalin.pl\/#primaryimage\",\"inLanguage\":\"pl-PL\",\"url\":\"https:\/\/dezynsekcja-koszalin.pl\/wp-content\/uploads\/2021\/10\/zakazy_linijka.png\",\"contentUrl\":\"https:\/\/dezynsekcja-koszalin.pl\/wp-content\/uploads\/2021\/10\/zakazy_linijka.png\",\"width\":1280,\"height\":132,\"caption\":\"us\\u0142ugi jakie wykonujemy\"},{\"@type\":\"WebPage\",\"@id\":\"https:\/\/dezynsekcja-koszalin.pl\/#webpage\",\"url\":\"https:\/\/dezynsekcja-koszalin.pl\/\",\"name\":\"Dezynsekcja, deratyzacja, dezynfekcja - Koszalin\",\"isPartOf\":{\"@id\":\"https:\/\/dezynsekcja-koszalin.pl\/#website\"},\"primaryImageOfPage\":{\"@id\":\"https:\/\/dezynsekcja-koszalin.pl\/#primaryimage\"},\"datePublished\":\"2021-10-28T09:34:03+00:00\",\"dateModified\":\"2021-11-15T09:47:48+00:00\",\"description\":\"Skuteczne us\\u0142ugi deratyzacji, dezynsekcji , odszczurzania zwalczania innych gryzoni w Koszalinie i okolicy.\",\"breadcrumb\":{\"@id\":\"https:\/\/dezynsekcja-koszalin.pl\/#breadcrumb\"},\"inLanguage\":\"pl-PL\",\"potentialAction\":[{\"@type\":\"ReadAction\",\"target\":[\"https:\/\/dezynsekcja-koszalin.pl\/\"]}]},{\"@type\":\"BreadcrumbList\",\"@id\":\"https:\/\/dezynsekcja-koszalin.pl\/#breadcrumb\",\"itemListElement\":[{\"@type\":\"ListItem\",\"position\":1,\"name\":\"Strona g\\u0142\\u00f3wna\",\"item\":\"https:\/\/dezynsekcja-koszalin.pl\/\"},{\"@type\":\"ListItem\",\"position\":2,\"name\":\"Strona g\\u0142\\u00f3wna\"}]}]}<\/script>\n<!-- \/ Yoast SEO plugin. -->","yoast_head_json":{"title":"Dezynsekcja, deratyzacja, dezynfekcja - Koszalin","description":"Skuteczne us\u0142ugi deratyzacji, dezynsekcji , odszczurzania zwalczania innych gryzoni w Koszalinie i okolicy.","robots":{"index":"index","follow":"follow","max-snippet":"max-snippet:-1","max-image-preview":"max-image-preview:large","max-video-preview":"max-video-preview:-1"},"canonical":"https:\/\/dezynsekcja-koszalin.pl\/","og_locale":"pl_PL","og_type":"article","og_title":"Dezynsekcja, deratyzacja, dezynfekcja - Koszalin","og_description":"Skuteczne us\u0142ugi deratyzacji, dezynsekcji , odszczurzania zwalczania innych gryzoni w Koszalinie i okolicy.","og_url":"https:\/\/dezynsekcja-koszalin.pl\/","og_site_name":"Dezynsekcja, deratyzacja, dezynfekcja - Koszalin","article_modified_time":"2021-11-15T09:47:48+00:00","og_image":[{"url":"https:\/\/dezynsekcja-koszalin.pl\/wp-content\/uploads\/2021\/10\/zakazy_linijka-1024x106.png"}],"twitter_card":"summary_large_image","twitter_misc":{"Szacowany czas czytania":"2 minuty"},"schema":{"@context":"https:\/\/schema.org","@graph":[{"@type":"WebSite","@id":"https:\/\/dezynsekcja-koszalin.pl\/#website","url":"https:\/\/dezynsekcja-koszalin.pl\/","name":"Dezynsekcja, deratyzacja, dezynfekcja - Koszalin","description":" Skuteczne us\u0142ugi deratyzacji, dezynsekcji , odszczurzania zwalczania innych gryzoni w Koszalinie i okolicy.","potentialAction":[{"@type":"SearchAction","target":{"@type":"EntryPoint","urlTemplate":"https:\/\/dezynsekcja-koszalin.pl\/?s={search_term_string}"},"query-input":"required name=search_term_string"}],"inLanguage":"pl-PL"},{"@type":"ImageObject","@id":"https:\/\/dezynsekcja-koszalin.pl\/#primaryimage","inLanguage":"pl-PL","url":"https:\/\/dezynsekcja-koszalin.pl\/wp-content\/uploads\/2021\/10\/zakazy_linijka.png","contentUrl":"https:\/\/dezynsekcja-koszalin.pl\/wp-content\/uploads\/2021\/10\/zakazy_linijka.png","width":1280,"height":132,"caption":"us\u0142ugi jakie wykonujemy"},{"@type":"WebPage","@id":"https:\/\/dezynsekcja-koszalin.pl\/#webpage","url":"https:\/\/dezynsekcja-koszalin.pl\/","name":"Dezynsekcja, deratyzacja, dezynfekcja - Koszalin","isPartOf":{"@id":"https:\/\/dezynsekcja-koszalin.pl\/#website"},"primaryImageOfPage":{"@id":"https:\/\/dezynsekcja-koszalin.pl\/#primaryimage"},"datePublished":"2021-10-28T09:34:03+00:00","dateModified":"2021-11-15T09:47:48+00:00","description":"Skuteczne us\u0142ugi deratyzacji, dezynsekcji , odszczurzania zwalczania innych gryzoni w Koszalinie i okolicy.","breadcrumb":{"@id":"https:\/\/dezynsekcja-koszalin.pl\/#breadcrumb"},"inLanguage":"pl-PL","potentialAction":[{"@type":"ReadAction","target":["https:\/\/dezynsekcja-koszalin.pl\/"]}]},{"@type":"BreadcrumbList","@id":"https:\/\/dezynsekcja-koszalin.pl\/#breadcrumb","itemListElement":[{"@type":"ListItem","position":1,"name":"Strona g\u0142\u00f3wna","item":"https:\/\/dezynsekcja-koszalin.pl\/"},{"@type":"ListItem","position":2,"name":"Strona g\u0142\u00f3wna"}]}]}},"uagb_featured_image_src":{"full":false,"thumbnail":false,"medium":false,"medium_large":false,"large":false,"1536x1536":false,"2048x2048":false,"hestia-blog":false},"uagb_author_info":{"display_name":"Admin KoszalinDDD","author_link":"https:\/\/dezynsekcja-koszalin.pl\/index.php\/author\/admin-koszalinddd\/"},"uagb_comment_info":0,"uagb_excerpt":null,"_links":{"self":[{"href":"https:\/\/dezynsekcja-koszalin.pl\/index.php\/wp-json\/wp\/v2\/pages\/21","targetHints":{"allow":["GET"]}}],"collection":[{"href":"https:\/\/dezynsekcja-koszalin.pl\/index.php\/wp-json\/wp\/v2\/pages"}],"about":[{"href":"https:\/\/dezynsekcja-koszalin.pl\/index.php\/wp-json\/wp\/v2\/types\/page"}],"author":[{"embeddable":true,"href":"https:\/\/dezynsekcja-koszalin.pl\/index.php\/wp-json\/wp\/v2\/users\/1"}],"replies":[{"embeddable":true,"href":"https:\/\/dezynsekcja-koszalin.pl\/index.php\/wp-json\/wp\/v2\/comments?post=21"}],"version-history":[{"count":74,"href":"https:\/\/dezynsekcja-koszalin.pl\/index.php\/wp-json\/wp\/v2\/pages\/21\/revisions"}],"predecessor-version":[{"id":182,"href":"https:\/\/dezynsekcja-koszalin.pl\/index.php\/wp-json\/wp\/v2\/pages\/21\/revisions\/182"}],"wp:attachment":[{"href":"https:\/\/dezynsekcja-koszalin.pl\/index.php\/wp-json\/wp\/v2\/media?parent=21"}],"curies":[{"name":"wp","href":"https:\/\/api.w.org\/{rel}","templated":true}]}}